{"id":1249,"date":"2025-02-23T17:51:15","date_gmt":"2025-02-23T16:51:15","guid":{"rendered":"https:\/\/auchatodesminous.fr\/?page_id=1249"},"modified":"2025-12-16T10:55:38","modified_gmt":"2025-12-16T09:55:38","slug":"le-taxi-dog","status":"publish","type":"page","link":"https:\/\/auchatodesminous.fr\/index.php\/le-taxi-dog\/","title":{"rendered":"Le taxi-dog"},"content":{"rendered":"<div class=\"wp-block-stackable-columns alignfull stk-block-columns stk-block stk-b5ccdb4 stk-block-background stk--has-background-overlay\" data-block-id=\"b5ccdb4\"><style>.stk-b5ccdb4 {background-color:#865638 !important;background-image:url(https:\/\/startersites.io\/blocksy\/petsy\/wp-content\/uploads\/2021\/12\/paw-pattern-2.svg) !important;padding-top:230px !important;padding-bottom:0px !important;margin-bottom:0px !important;}.stk-b5ccdb4:before{background-color:#865638 !important;opacity:0.4 !important;}@media screen and (max-width: 1023px){.stk-b5ccdb4 {padding-top:180px !important;}}<\/style><div class=\"stk-row stk-inner-blocks stk-block-content stk-content-align stk-b5ccdb4-column\"><div class=\"wp-block-stackable-column stk-block-column stk-column stk-block stk-871f4f1\" data-v=\"4\" data-block-id=\"871f4f1\"><style>.stk-871f4f1-container{margin-top:0px !important;margin-right:0px !important;margin-bottom:0px !important;margin-left:0px !important;}<\/style><div class=\"stk-column-wrapper stk-block-column__content stk-container stk-871f4f1-container stk--no-background stk--no-padding\"><div class=\"stk-block-content stk-inner-blocks stk-871f4f1-inner-blocks\"><div class=\"wp-block-stackable-text stk-block-text stk-block stk-8677478\" data-block-id=\"8677478\"><style>.stk-8677478 {margin-bottom:15px !important;opacity:0.4 !important;}.stk-8677478 .stk-block-text__text{color:var(u002du002dtheme-palette-color-8, #ffffff) !important;font-weight:700 !important;text-transform:uppercase !important;}<\/style><p class=\"stk-block-text__text has-text-color has-palette-color-8-color has-text-align-center\">Le roi a un rendez-vous ?<\/p><\/div>\n\n<div class=\"wp-block-stackable-heading stk-block-heading stk-block-heading--v2 stk-block stk-15a1637\" id=\"le-taxi-dog\" data-block-id=\"15a1637\"><style>.stk-15a1637 {margin-bottom:90px !important;}.stk-15a1637 .stk-block-heading__text{font-size:70px !important;color:var(u002du002dtheme-palette-color-8, #ffffff) !important;}@media screen and (max-width: 1023px){.stk-15a1637 {margin-bottom:80px !important;}.stk-15a1637 .stk-block-heading__text{font-size:35px !important;}}@media screen and (max-width: 767px){.stk-15a1637 {margin-bottom:60px !important;}}<\/style><h2 class=\"stk-block-heading__text has-text-color has-palette-color-8-color has-text-align-center\">Le taxi-dog<\/h2><\/div><\/div><\/div><\/div><\/div><\/div><div class=\"wp-block-stackable-spacer stk-block-spacer stk--no-padding stk-block stk-5464b11\" data-block-id=\"5464b11\"><style>.stk-5464b11 {height:50px !important;}@media screen and (max-width: 1023px){.stk-5464b11 {height:80px !important;}}<\/style><\/div><div class=\"wp-block-stackable-columns stk-block-columns stk-block stk-5d59b07\" data-block-id=\"5d59b07\"><style>.stk-5d59b07 {margin-bottom:0px !important;}.stk-5d59b07-column{row-gap:30px !important;}<\/style><div class=\"stk-row stk-inner-blocks stk-block-content stk-content-align stk-5d59b07-column\"><div class=\"wp-block-stackable-column stk-block-column stk-column stk-block stk-0d4fefc\" data-v=\"4\" data-block-id=\"0d4fefc\"><style>.stk-0d4fefc-container{margin-top:0px !important;margin-right:0px !important;margin-bottom:0px !important;margin-left:0px !important;}<\/style><div class=\"stk-column-wrapper stk-block-column__content stk-container stk-0d4fefc-container stk--no-background stk--no-padding\"><div class=\"stk-block-content stk-inner-blocks stk-0d4fefc-inner-blocks\"><div class=\"wp-block-stackable-heading stk-block-heading stk-block-heading--v2 stk-block stk-2d3d718\" id=\"le-transport-qui-chouchoute-votre-chien\" data-block-id=\"2d3d718\"><h2 class=\"stk-block-heading__text has-text-align-center\">Le transport qui chouchoute votre chien !<\/h2><\/div><\/div><\/div><\/div><\/div><\/div><div class=\"wp-block-stackable-spacer stk-block-spacer stk--no-padding stk-block stk-d44ff71\" data-block-id=\"d44ff71\"><style>.stk-d44ff71 {height:50px !important;}@media screen and (max-width: 1023px){.stk-d44ff71 {height:80px !important;}}<\/style><\/div><div class=\"wp-block-stackable-columns stk-block-columns stk-block stk-0e9413a\" data-block-id=\"0e9413a\"><style>.stk-0e9413a {margin-bottom:15px !important;}.stk-0e9413a-column{--stk-column-gap:60px !important;row-gap:50px !important;}<\/style><div class=\"stk-row stk-inner-blocks stk-block-content stk-content-align stk-0e9413a-column\"><div class=\"wp-block-stackable-column stk-block-column stk-column stk-block stk-42e004d\" data-v=\"4\" data-block-id=\"42e004d\"><style>.stk-42e004d-container{margin-top:0px !important;margin-right:0px !important;margin-bottom:0px !important;margin-left:0px !important;}<\/style><div class=\"stk-column-wrapper stk-block-column__content stk-container stk-42e004d-container stk--no-background stk--no-padding\"><div class=\"stk-block-content stk-inner-blocks stk-42e004d-inner-blocks\"><p>Nous comprenons que votre animal de compagnie est bien plus qu&rsquo;un simple chien \u2013 c&rsquo;est un membre de la famille. C&rsquo;est pourquoi nous proposons un service de transport s\u00e9curis\u00e9, confortable et adapt\u00e9 \u00e0 vos besoins, pour que votre chien puisse se d\u00e9placer partout en toute s\u00e9r\u00e9nit\u00e9.<\/p>\n\n<div class=\"wp-block-stackable-spacer stk-block-spacer stk--no-padding stk-block stk-8b26b02\" data-block-id=\"8b26b02\"><style>.stk-8b26b02 {height:20px !important;}<\/style><\/div>\n\n<p>\u2022 Transports au quotidien : Que ce soit pour une visite chez le v\u00e9t\u00e9rinaire, un rendez-vous de toilettage, ou une balade dans le parc, nous nous occupons de tout !<br>\u2022 Transport d&rsquo;urgence : En cas de besoin urgent, notre \u00e9quipe est disponible pour emmener votre chien rapidement et en toute s\u00e9curit\u00e9.<br>\u2022 Voyages longue distance : Vous planifiez des vacances ou un d\u00e9m\u00e9nagement ? Nous transportons votre chien sur de longues distances, dans des conditions optimales.<\/p>\n\n<div class=\"wp-block-stackable-spacer stk-block-spacer stk--no-padding stk-block stk-7466b1c\" data-block-id=\"7466b1c\"><style>.stk-7466b1c {height:20px !important;}<\/style><\/div>\n\n<p>Nous vous offrons un service de transport alliant confort et s\u00e9curit\u00e9 gr\u00e2ce \u00e0 un v\u00e9hicule sp\u00e9cialement am\u00e9nag\u00e9 pour votre chien. Notre chauffeuse passionn\u00e9e et exp\u00e9riment\u00e9e garantie un service attentionn\u00e9, adapt\u00e9 \u00e0 vos besoins et \u00e0 ceux de votre compagnon. Avec une r\u00e9servation facile, des horaires flexibles et la possibilit\u00e9 de suivre le trajet en temps r\u00e9el via notre application, on vous assure une exp\u00e9rience sereine et pratique.<\/p>\n\n<div class=\"wp-block-stackable-spacer stk-block-spacer stk--no-padding stk-block stk-344765f\" data-block-id=\"344765f\"><style>.stk-344765f {height:20px !important;}<\/style><\/div>\n\n<p>Pour toutes informations, n&rsquo;h\u00e9sitez pas \u00e0 nous contacter au 07.83.61.66.74 ou par mail contact@auchatodesminous.fr<\/p>\n\n<div class=\"wp-block-stackable-spacer stk-block-spacer stk--no-padding stk-block stk-fe909b1\" data-block-id=\"fe909b1\"><style>.stk-fe909b1 {height:15px !important;}<\/style><\/div>\n\n<div class=\"wp-block-stackable-columns alignwide stk-block-columns stk-block stk-180c7f7\" data-block-id=\"180c7f7\"><style>.stk-180c7f7 {margin-bottom:2px !important;}<\/style><div class=\"stk-row stk-inner-blocks stk-block-content stk-content-align stk-180c7f7-column alignwide\"><div class=\"wp-block-stackable-column stk-block-column stk-column stk-block stk-4834387\" data-v=\"4\" data-block-id=\"4834387\"><style>.stk-4834387-inner-blocks{align-items:center !important;}<\/style><div class=\"stk-column-wrapper stk-block-column__content stk-container stk-4834387-container stk--no-background stk--no-padding\"><div class=\"has-text-align-center stk--column-flex stk-block-content stk-inner-blocks stk-4834387-inner-blocks\"><figure class=\"wp-block-image aligncenter size-full is-resized\"><a href=\"https:\/\/www.resanimo.com\/941427429\/visite\/Au-chat'O-des-minous.php\" target=\"_blank\" rel=\" noreferrer noopener\"><img loading=\"lazy\" decoding=\"async\" width=\"925\" height=\"500\" src=\"http:\/\/auchatodesminous.fr\/wp-content\/uploads\/2025\/06\/Je-reserve.png\" alt=\"\" class=\"wp-image-1356\" style=\"width:259px;height:auto\" srcset=\"https:\/\/auchatodesminous.fr\/wp-content\/uploads\/2025\/06\/Je-reserve.png 925w, https:\/\/auchatodesminous.fr\/wp-content\/uploads\/2025\/06\/Je-reserve-300x162.png 300w, https:\/\/auchatodesminous.fr\/wp-content\/uploads\/2025\/06\/Je-reserve-768x415.png 768w, https:\/\/auchatodesminous.fr\/wp-content\/uploads\/2025\/06\/Je-reserve-400x216.png 400w, https:\/\/auchatodesminous.fr\/wp-content\/uploads\/2025\/06\/Je-reserve-700x378.png 700w\" sizes=\"auto, (max-width: 925px) 100vw, 925px\" \/><\/a><\/figure><\/div><\/div><\/div><\/div><\/div>\n\n<h2 class=\"wp-block-heading\">Tarifs<\/h2>\n\n<div class=\"wp-block-stackable-spacer stk-block-spacer stk--no-padding stk-block stk-be8e416\" data-block-id=\"be8e416\"><style>.stk-be8e416 {height:30px !important;}<\/style><\/div>\n\n<p>Nous contacter<\/p>\n\n<div class=\"wp-block-stackable-spacer stk-block-spacer stk--no-padding stk-block stk-040725f\" data-block-id=\"040725f\"><style>.stk-040725f {height:15px !important;}<\/style><\/div><\/div><\/div><\/div><\/div><\/div><div class=\"wp-block-stackable-spacer stk-block-spacer stk--no-padding stk-block stk-cfbdc03\" data-block-id=\"cfbdc03\"><\/div><p><\/p>","protected":false},"excerpt":{"rendered":"<p>Le roi a un rendez-vous ? Le taxi-dog Le transport qui chouchoute votre chien ! Nous comprenons que votre animal de compagnie est bien plus qu&rsquo;un simple chien \u2013 c&rsquo;est un membre de la famille. C&rsquo;est pourquoi nous proposons un service de transport s\u00e9curis\u00e9, confortable et adapt\u00e9 \u00e0 vos besoins, pour que votre chien puisse [&hellip;]<\/p>\n","protected":false},"author":2,"featured_media":0,"parent":0,"menu_order":0,"comment_status":"closed","ping_status":"closed","template":"","meta":{"footnotes":""},"class_list":["post-1249","page","type-page","status-publish","hentry"],"blocksy_meta":{"styles_descriptor":{"styles":{"desktop":"","tablet":"","mobile":""},"google_fonts":[],"version":6},"page_title_panel":"","has_hero_section":"disabled","56dc8bb8328744ce058b8d9cd82b2d38":"","hero_section":"type-1","hero_elements":[{"id":"custom_title","enabled":true,"heading_tag":"h1","title":"Home"},{"id":"custom_description","enabled":true,"description_visibility":{"desktop":true,"tablet":true,"mobile":false}},{"id":"custom_meta","enabled":false,"meta_elements":[{"id":"author","enabled":true,"label":"By","has_author_avatar":"yes","avatar_size":25},{"id":"post_date","enabled":true,"label":"On","date_format_source":"default","date_format":"M j, Y"},{"id":"updated_date","enabled":false,"label":"On","date_format_source":"default","date_format":"M j, Y"},{"id":"categories","enabled":false,"label":"In","style":"simple"},{"id":"comments","enabled":true}],"page_meta_elements":{"joined":true,"articles_count":true,"comments":true}},{"id":"breadcrumbs","enabled":false}],"df2ebe791f90eea1db152da20fbeac92":"","hero_alignment1":"CT_CSS_SKIP_RULE","hero_margin":40,"hero_alignment2":"center","hero_vertical_alignment":"center","7306495ef28b7caa97798dffa77f609b":"","hero_structure":"narrow","3270ae7e31121afd49dc0a0aa5e67f73":"","page_title_bg_type":"featured_image","custom_hero_background":{"attachment_id":null},"parallax":{"desktop":false,"tablet":false,"mobile":false},"b44a1e6cd9de7c8def311d113a9c577e":"","hero_height":"250px","pageTitleFont":{"family":"Default","variation":"Default","size":"30px","line-height":"CT_CSS_SKIP_RULE","letter-spacing":"CT_CSS_SKIP_RULE","text-transform":"CT_CSS_SKIP_RULE","text-decoration":"CT_CSS_SKIP_RULE"},"pageTitleFontColor":{"default":{"color":"CT_CSS_SKIP_RULEDEFAULT"}},"pageMetaFont":{"family":"Default","variation":"n6","size":"12px","line-height":"1.3","letter-spacing":"CT_CSS_SKIP_RULE","text-transform":"uppercase","text-decoration":"CT_CSS_SKIP_RULE"},"pageMetaFontColor":{"default":{"color":"CT_CSS_SKIP_RULEDEFAULT"},"hover":{"color":"CT_CSS_SKIP_RULEDEFAULT"}},"page_meta_button_type_font_colors":{"default":{"color":"CT_CSS_SKIP_RULEDEFAULT"},"hover":{"color":"CT_CSS_SKIP_RULEDEFAULT"}},"page_meta_button_type_background_colors":{"default":{"color":"CT_CSS_SKIP_RULEDEFAULT"},"hover":{"color":"CT_CSS_SKIP_RULEDEFAULT"}},"pageExcerptFont":{"family":"Default","variation":"Default","size":"CT_CSS_SKIP_RULE","line-height":"CT_CSS_SKIP_RULE","letter-spacing":"CT_CSS_SKIP_RULE","text-transform":"CT_CSS_SKIP_RULE","text-decoration":"CT_CSS_SKIP_RULE"},"pageExcerptColor":{"default":{"color":"CT_CSS_SKIP_RULEDEFAULT"}},"breadcrumbsFont":{"family":"Default","variation":"Default","size":"CT_CSS_SKIP_RULE","line-height":"CT_CSS_SKIP_RULE","letter-spacing":"CT_CSS_SKIP_RULE","text-transform":"CT_CSS_SKIP_RULE","text-decoration":"CT_CSS_SKIP_RULE"},"breadcrumbsFontColor":{"default":{"color":"CT_CSS_SKIP_RULEDEFAULT"},"initial":{"color":"CT_CSS_SKIP_RULEDEFAULT"},"hover":{"color":"CT_CSS_SKIP_RULEDEFAULT"}},"pageTitleOverlay":{"background_type":"color","background_pattern":"type-1","background_image":{"attachment_id":null,"x":0,"y":0},"gradient":"linear-gradient(135deg,rgba(6,147,227,1) 0%,rgb(155,81,224) 100%)","background_repeat":"repeat","background_size":"auto","background_attachment":"scroll","patternColor":{"default":{"color":"#e5e7ea"}},"overlayColor":{"default":{"color":"CT_CSS_SKIP_RULE"}},"backgroundColor":{"default":{"color":"CT_CSS_SKIP_RULE"}}},"pageTitleBackground":{"background_type":"color","background_pattern":"type-1","background_image":{"attachment_id":null,"x":0,"y":0},"gradient":"linear-gradient(135deg,rgba(6,147,227,1) 0%,rgb(155,81,224) 100%)","background_repeat":"repeat","background_size":"auto","background_attachment":"scroll","patternColor":{"default":{"color":"#e5e7ea"}},"overlayColor":{"default":{"color":"CT_CSS_SKIP_RULE"}},"backgroundColor":{"default":{"color":"var(--theme-palette-color-6)"}}},"pageTitlePadding":{"top":"50px","bottom":"50px","left":"auto","right":"auto","linked":true},"349d28852cc80bf2afbda0c5bf393627":"","page_structure_type":"default","8e98da53888c0fde48b562c569fb7662":"","content_style_source":"inherit","content_style":"wide","vertical_spacing_source":"custom","content_area_spacing":"none","background":{"background_type":"color","background_pattern":"type-1","background_image":{"attachment_id":null,"x":0,"y":0},"gradient":"linear-gradient(135deg,rgba(6,147,227,1) 0%,rgb(155,81,224) 100%)","background_repeat":"repeat","background_size":"auto","background_attachment":"scroll","patternColor":{"default":{"color":"#e5e7ea"}},"overlayColor":{"default":{"color":"CT_CSS_SKIP_RULE"}},"backgroundColor":{"default":{"color":"CT_CSS_SKIP_RULE"}}},"content_background":{"background_type":"color","background_pattern":"type-1","background_image":{"attachment_id":null,"x":0,"y":0},"gradient":"linear-gradient(135deg,rgba(6,147,227,1) 0%,rgb(155,81,224) 100%)","background_repeat":"repeat","background_size":"auto","background_attachment":"scroll","patternColor":{"default":{"color":"#e5e7ea"}},"overlayColor":{"default":{"color":"CT_CSS_SKIP_RULE"}},"backgroundColor":{"default":{"color":"var(--theme-palette-color-8)"}}},"content_boxed_shadow":{"inherit":false,"blur":18,"spread":-6,"v_offset":12,"h_offset":0,"inset":false,"enable":true,"color":{"color":"rgba(34, 56, 101, 0.04)"}},"boxed_content_spacing":{"desktop":{"top":"40px","bottom":"40px","left":"40px","right":"40px","linked":true},"tablet":{"top":"35px","bottom":"35px","left":"35px","right":"35px","linked":true},"mobile":{"top":"20px","bottom":"20px","left":"20px","right":"20px","linked":true}},"content_boxed_radius":{"top":"3px","bottom":"3px","left":"3px","right":"3px","linked":true},"f8ecb128d0a0b88b8863f080a2e72733":"","disable_featured_image":"no","disable_header":"no","disable_footer":"no"},"yoast_head":"<!-- This site is optimized with the Yoast SEO plugin v24.5 - https:\/\/yoast.com\/wordpress\/plugins\/seo\/ -->\n<title>Le taxi-dog - Au chat&#039;O des minous<\/title>\n<meta name=\"robots\" content=\"index, follow, max-snippet:-1, max-image-preview:large, max-video-preview:-1\" \/>\n<link rel=\"canonical\" href=\"https:\/\/auchatodesminous.fr\/index.php\/le-taxi-dog\/\" \/>\n<meta property=\"og:locale\" content=\"fr_FR\" \/>\n<meta property=\"og:type\" content=\"article\" \/>\n<meta property=\"og:title\" content=\"Le taxi-dog - Au chat&#039;O des minous\" \/>\n<meta property=\"og:description\" content=\"Le roi a un rendez-vous ? Le taxi-dog Le transport qui chouchoute votre chien ! Nous comprenons que votre animal de compagnie est bien plus qu&rsquo;un simple chien \u2013 c&rsquo;est un membre de la famille. C&rsquo;est pourquoi nous proposons un service de transport s\u00e9curis\u00e9, confortable et adapt\u00e9 \u00e0 vos besoins, pour que votre chien puisse [&hellip;]\" \/>\n<meta property=\"og:url\" content=\"https:\/\/auchatodesminous.fr\/index.php\/le-taxi-dog\/\" \/>\n<meta property=\"og:site_name\" content=\"Au chat&#039;O des minous\" \/>\n<meta property=\"article:modified_time\" content=\"2025-12-16T09:55:38+00:00\" \/>\n<meta property=\"og:image\" content=\"https:\/\/auchatodesminous.fr\/wp-content\/uploads\/2025\/06\/Je-reserve.png\" \/>\n\t<meta property=\"og:image:width\" content=\"925\" \/>\n\t<meta property=\"og:image:height\" content=\"500\" \/>\n\t<meta property=\"og:image:type\" content=\"image\/png\" \/>\n<meta name=\"twitter:card\" content=\"summary_large_image\" \/>\n<meta name=\"twitter:label1\" content=\"Dur\u00e9e de lecture estim\u00e9e\" \/>\n\t<meta name=\"twitter:data1\" content=\"2 minutes\" \/>\n<script type=\"application\/ld+json\" class=\"yoast-schema-graph\">{\"@context\":\"https:\/\/schema.org\",\"@graph\":[{\"@type\":\"WebPage\",\"@id\":\"https:\/\/auchatodesminous.fr\/index.php\/le-taxi-dog\/\",\"url\":\"https:\/\/auchatodesminous.fr\/index.php\/le-taxi-dog\/\",\"name\":\"Le taxi-dog - Au chat&#039;O des minous\",\"isPartOf\":{\"@id\":\"https:\/\/auchatodesminous.fr\/#website\"},\"primaryImageOfPage\":{\"@id\":\"https:\/\/auchatodesminous.fr\/index.php\/le-taxi-dog\/#primaryimage\"},\"image\":{\"@id\":\"https:\/\/auchatodesminous.fr\/index.php\/le-taxi-dog\/#primaryimage\"},\"thumbnailUrl\":\"http:\/\/auchatodesminous.fr\/wp-content\/uploads\/2025\/06\/Je-reserve.png\",\"datePublished\":\"2025-02-23T16:51:15+00:00\",\"dateModified\":\"2025-12-16T09:55:38+00:00\",\"breadcrumb\":{\"@id\":\"https:\/\/auchatodesminous.fr\/index.php\/le-taxi-dog\/#breadcrumb\"},\"inLanguage\":\"fr-FR\",\"potentialAction\":[{\"@type\":\"ReadAction\",\"target\":[\"https:\/\/auchatodesminous.fr\/index.php\/le-taxi-dog\/\"]}]},{\"@type\":\"ImageObject\",\"inLanguage\":\"fr-FR\",\"@id\":\"https:\/\/auchatodesminous.fr\/index.php\/le-taxi-dog\/#primaryimage\",\"url\":\"https:\/\/auchatodesminous.fr\/wp-content\/uploads\/2025\/06\/Je-reserve.png\",\"contentUrl\":\"https:\/\/auchatodesminous.fr\/wp-content\/uploads\/2025\/06\/Je-reserve.png\",\"width\":925,\"height\":500},{\"@type\":\"BreadcrumbList\",\"@id\":\"https:\/\/auchatodesminous.fr\/index.php\/le-taxi-dog\/#breadcrumb\",\"itemListElement\":[{\"@type\":\"ListItem\",\"position\":1,\"name\":\"Accueil\",\"item\":\"https:\/\/auchatodesminous.fr\/\"},{\"@type\":\"ListItem\",\"position\":2,\"name\":\"Le taxi-dog\"}]},{\"@type\":\"WebSite\",\"@id\":\"https:\/\/auchatodesminous.fr\/#website\",\"url\":\"https:\/\/auchatodesminous.fr\/\",\"name\":\"Au chat&#039;O des minous\",\"description\":\"Une maison 5 \u00e9toiles.\",\"publisher\":{\"@id\":\"https:\/\/auchatodesminous.fr\/#organization\"},\"potentialAction\":[{\"@type\":\"SearchAction\",\"target\":{\"@type\":\"EntryPoint\",\"urlTemplate\":\"https:\/\/auchatodesminous.fr\/?s={search_term_string}\"},\"query-input\":{\"@type\":\"PropertyValueSpecification\",\"valueRequired\":true,\"valueName\":\"search_term_string\"}}],\"inLanguage\":\"fr-FR\"},{\"@type\":\"Organization\",\"@id\":\"https:\/\/auchatodesminous.fr\/#organization\",\"name\":\"Au chat&#039;O des minous\",\"url\":\"https:\/\/auchatodesminous.fr\/\",\"logo\":{\"@type\":\"ImageObject\",\"inLanguage\":\"fr-FR\",\"@id\":\"https:\/\/auchatodesminous.fr\/#\/schema\/logo\/image\/\",\"url\":\"https:\/\/auchatodesminous.fr\/wp-content\/uploads\/2025\/01\/cropped-LOGO-FAV-ICON-2.png\",\"contentUrl\":\"https:\/\/auchatodesminous.fr\/wp-content\/uploads\/2025\/01\/cropped-LOGO-FAV-ICON-2.png\",\"width\":512,\"height\":512,\"caption\":\"Au chat&#039;O des minous\"},\"image\":{\"@id\":\"https:\/\/auchatodesminous.fr\/#\/schema\/logo\/image\/\"}}]}<\/script>\n<!-- \/ Yoast SEO plugin. -->","yoast_head_json":{"title":"Le taxi-dog - Au chat&#039;O des minous","robots":{"index":"index","follow":"follow","max-snippet":"max-snippet:-1","max-image-preview":"max-image-preview:large","max-video-preview":"max-video-preview:-1"},"canonical":"https:\/\/auchatodesminous.fr\/index.php\/le-taxi-dog\/","og_locale":"fr_FR","og_type":"article","og_title":"Le taxi-dog - Au chat&#039;O des minous","og_description":"Le roi a un rendez-vous ? Le taxi-dog Le transport qui chouchoute votre chien ! Nous comprenons que votre animal de compagnie est bien plus qu&rsquo;un simple chien \u2013 c&rsquo;est un membre de la famille. C&rsquo;est pourquoi nous proposons un service de transport s\u00e9curis\u00e9, confortable et adapt\u00e9 \u00e0 vos besoins, pour que votre chien puisse [&hellip;]","og_url":"https:\/\/auchatodesminous.fr\/index.php\/le-taxi-dog\/","og_site_name":"Au chat&#039;O des minous","article_modified_time":"2025-12-16T09:55:38+00:00","og_image":[{"width":925,"height":500,"url":"https:\/\/auchatodesminous.fr\/wp-content\/uploads\/2025\/06\/Je-reserve.png","type":"image\/png"}],"twitter_card":"summary_large_image","twitter_misc":{"Dur\u00e9e de lecture estim\u00e9e":"2 minutes"},"schema":{"@context":"https:\/\/schema.org","@graph":[{"@type":"WebPage","@id":"https:\/\/auchatodesminous.fr\/index.php\/le-taxi-dog\/","url":"https:\/\/auchatodesminous.fr\/index.php\/le-taxi-dog\/","name":"Le taxi-dog - Au chat&#039;O des minous","isPartOf":{"@id":"https:\/\/auchatodesminous.fr\/#website"},"primaryImageOfPage":{"@id":"https:\/\/auchatodesminous.fr\/index.php\/le-taxi-dog\/#primaryimage"},"image":{"@id":"https:\/\/auchatodesminous.fr\/index.php\/le-taxi-dog\/#primaryimage"},"thumbnailUrl":"http:\/\/auchatodesminous.fr\/wp-content\/uploads\/2025\/06\/Je-reserve.png","datePublished":"2025-02-23T16:51:15+00:00","dateModified":"2025-12-16T09:55:38+00:00","breadcrumb":{"@id":"https:\/\/auchatodesminous.fr\/index.php\/le-taxi-dog\/#breadcrumb"},"inLanguage":"fr-FR","potentialAction":[{"@type":"ReadAction","target":["https:\/\/auchatodesminous.fr\/index.php\/le-taxi-dog\/"]}]},{"@type":"ImageObject","inLanguage":"fr-FR","@id":"https:\/\/auchatodesminous.fr\/index.php\/le-taxi-dog\/#primaryimage","url":"https:\/\/auchatodesminous.fr\/wp-content\/uploads\/2025\/06\/Je-reserve.png","contentUrl":"https:\/\/auchatodesminous.fr\/wp-content\/uploads\/2025\/06\/Je-reserve.png","width":925,"height":500},{"@type":"BreadcrumbList","@id":"https:\/\/auchatodesminous.fr\/index.php\/le-taxi-dog\/#breadcrumb","itemListElement":[{"@type":"ListItem","position":1,"name":"Accueil","item":"https:\/\/auchatodesminous.fr\/"},{"@type":"ListItem","position":2,"name":"Le taxi-dog"}]},{"@type":"WebSite","@id":"https:\/\/auchatodesminous.fr\/#website","url":"https:\/\/auchatodesminous.fr\/","name":"Au chat&#039;O des minous","description":"Une maison 5 \u00e9toiles.","publisher":{"@id":"https:\/\/auchatodesminous.fr\/#organization"},"potentialAction":[{"@type":"SearchAction","target":{"@type":"EntryPoint","urlTemplate":"https:\/\/auchatodesminous.fr\/?s={search_term_string}"},"query-input":{"@type":"PropertyValueSpecification","valueRequired":true,"valueName":"search_term_string"}}],"inLanguage":"fr-FR"},{"@type":"Organization","@id":"https:\/\/auchatodesminous.fr\/#organization","name":"Au chat&#039;O des minous","url":"https:\/\/auchatodesminous.fr\/","logo":{"@type":"ImageObject","inLanguage":"fr-FR","@id":"https:\/\/auchatodesminous.fr\/#\/schema\/logo\/image\/","url":"https:\/\/auchatodesminous.fr\/wp-content\/uploads\/2025\/01\/cropped-LOGO-FAV-ICON-2.png","contentUrl":"https:\/\/auchatodesminous.fr\/wp-content\/uploads\/2025\/01\/cropped-LOGO-FAV-ICON-2.png","width":512,"height":512,"caption":"Au chat&#039;O des minous"},"image":{"@id":"https:\/\/auchatodesminous.fr\/#\/schema\/logo\/image\/"}}]}},"_links":{"self":[{"href":"https:\/\/auchatodesminous.fr\/index.php\/wp-json\/wp\/v2\/pages\/1249","targetHints":{"allow":["GET"]}}],"collection":[{"href":"https:\/\/auchatodesminous.fr\/index.php\/wp-json\/wp\/v2\/pages"}],"about":[{"href":"https:\/\/auchatodesminous.fr\/index.php\/wp-json\/wp\/v2\/types\/page"}],"author":[{"embeddable":true,"href":"https:\/\/auchatodesminous.fr\/index.php\/wp-json\/wp\/v2\/users\/2"}],"replies":[{"embeddable":true,"href":"https:\/\/auchatodesminous.fr\/index.php\/wp-json\/wp\/v2\/comments?post=1249"}],"version-history":[{"count":7,"href":"https:\/\/auchatodesminous.fr\/index.php\/wp-json\/wp\/v2\/pages\/1249\/revisions"}],"predecessor-version":[{"id":1383,"href":"https:\/\/auchatodesminous.fr\/index.php\/wp-json\/wp\/v2\/pages\/1249\/revisions\/1383"}],"wp:attachment":[{"href":"https:\/\/auchatodesminous.fr\/index.php\/wp-json\/wp\/v2\/media?parent=1249"}],"curies":[{"name":"wp","href":"https:\/\/api.w.org\/{rel}","templated":true}]}}